{"id":1763,"date":"2020-05-31T00:25:55","date_gmt":"2020-05-30T22:25:55","guid":{"rendered":"http:\/\/fioreriaantonietta.it\/fiori\/?post_type=product&#038;p=1763"},"modified":"2023-02-08T20:55:04","modified_gmt":"2023-02-08T19:55:04","slug":"composizione-funebre","status":"publish","type":"product","link":"https:\/\/fioreriaantonietta.it\/fiori\/product\/composizione-funebre\/","title":{"rendered":"Composizione funebre"},"content":{"rendered":"","protected":false},"excerpt":{"rendered":"<p>Quando non ci sono parole per esprimere il dolore per la perdita di una persona cara i fiori ci aiutano con la loro bellezza e sensibilit\u00e0.La composizione pu\u00f2 essere personalizzata per forma, dimensione e colore.La consegna \u00e8 sempre effettuata con puntualit\u00e0 in casa, ospedale ,Chiesa o struttura.<\/p>\n","protected":false},"featured_media":1757,"comment_status":"open","ping_status":"closed","template":"","meta":[],"product_brand":[],"product_cat":[102],"product_tag":[131,109,66,189,190,96,89],"class_list":{"0":"post-1763","1":"product","2":"type-product","3":"status-publish","4":"has-post-thumbnail","6":"product_cat-funerali","7":"product_tag-consegne-di-fiori-a-domicilio-torino","8":"product_tag-corona","9":"product_tag-fiori","10":"product_tag-funebre","11":"product_tag-ultimo-saluto","12":"product_tag-verde","13":"product_tag-viola","15":"first","16":"instock","17":"taxable","18":"shipping-taxable","19":"purchasable","20":"product-type-simple"},"_links":{"self":[{"href":"https:\/\/fioreriaantonietta.it\/fiori\/wp-json\/wp\/v2\/product\/1763","targetHints":{"allow":["GET"]}}],"collection":[{"href":"https:\/\/fioreriaantonietta.it\/fiori\/wp-json\/wp\/v2\/product"}],"about":[{"href":"https:\/\/fioreriaantonietta.it\/fiori\/wp-json\/wp\/v2\/types\/product"}],"replies":[{"embeddable":true,"href":"https:\/\/fioreriaantonietta.it\/fiori\/wp-json\/wp\/v2\/comments?post=1763"}],"wp:featuredmedia":[{"embeddable":true,"href":"https:\/\/fioreriaantonietta.it\/fiori\/wp-json\/wp\/v2\/media\/1757"}],"wp:attachment":[{"href":"https:\/\/fioreriaantonietta.it\/fiori\/wp-json\/wp\/v2\/media?parent=1763"}],"wp:term":[{"taxonomy":"product_brand","embeddable":true,"href":"https:\/\/fioreriaantonietta.it\/fiori\/wp-json\/wp\/v2\/product_brand?post=1763"},{"taxonomy":"product_cat","embeddable":true,"href":"https:\/\/fioreriaantonietta.it\/fiori\/wp-json\/wp\/v2\/product_cat?post=1763"},{"taxonomy":"product_tag","embeddable":true,"href":"https:\/\/fioreriaantonietta.it\/fiori\/wp-json\/wp\/v2\/product_tag?post=1763"}],"curies":[{"name":"wp","href":"https:\/\/api.w.org\/{rel}","templated":true}]}}